{"id":62,"date":"2024-06-13T17:46:59","date_gmt":"2024-06-13T17:46:59","guid":{"rendered":"https:\/\/weltron.world\/?page_id=62"},"modified":"2024-06-24T09:04:20","modified_gmt":"2024-06-24T09:04:20","slug":"business-consulting-services","status":"publish","type":"page","link":"https:\/\/weltron.world\/de\/business-consulting-services\/","title":{"rendered":"Business Consulting Services"},"content":{"rendered":"<div data-elementor-type=\"wp-page\" data-elementor-id=\"62\" class=\"elementor elementor-62\" data-elementor-post-type=\"page\">\n\t\t\t\t\t\t<section class=\"elementor-section elementor-top-section elementor-element elementor-element-c799465 elementor-section-height-min-height elementor-section-boxed elementor-section-height-default elementor-section-items-middle\" data-id=\"c799465\" data-element_type=\"section\" data-settings=\"{&quot;background_background&quot;:&quot;classic&quot;}\">\n\t\t\t\t\t\t\t<div class=\"elementor-background-overlay\"><\/div>\n\t\t\t\t\t\t\t<div class=\"elementor-container elementor-column-gap-default\">\n\t\t\t\t\t<div class=\"elementor-column elementor-col-100 elementor-top-column elementor-element elementor-element-e27235e\" data-id=\"e27235e\" data-element_type=\"column\">\n\t\t\t<div class=\"elementor-widget-wrap elementor-element-populated\">\n\t\t\t\t\t\t<div class=\"elementor-element elementor-element-61a5c48 elementor-headline--style-highlight elementor-widget elementor-widget-animated-headline\" data-id=\"61a5c48\" data-element_type=\"widget\" data-settings=\"{&quot;marker&quot;:&quot;underline&quot;,&quot;highlighted_text&quot;:&quot;BUSINESS CONSULTING SERVICES&quot;,&quot;headline_style&quot;:&quot;highlight&quot;,&quot;loop&quot;:&quot;yes&quot;,&quot;highlight_animation_duration&quot;:1200,&quot;highlight_iteration_delay&quot;:8000}\" data-widget_type=\"animated-headline.default\">\n\t\t\t\t<div class=\"elementor-widget-container\">\n\t\t\t<link rel=\"stylesheet\" href=\"https:\/\/weltron.world\/wp-content\/plugins\/elementor-pro\/assets\/css\/widget-animated-headline.min.css\">\t\t<h3 class=\"elementor-headline\">\n\t\t\t\t<span class=\"elementor-headline-dynamic-wrapper elementor-headline-text-wrapper\">\n\t\t\t\t\t<span class=\"elementor-headline-dynamic-text elementor-headline-text-active\">BUSINESS CONSULTING SERVICES<\/span>\n\t\t\t\t<\/span>\n\t\t\t\t<\/h3>\n\t\t\t\t<\/div>\n\t\t\t\t<\/div>\n\t\t\t\t\t<\/div>\n\t\t<\/div>\n\t\t\t\t\t<\/div>\n\t\t<\/section>\n\t\t\t\t<section class=\"elementor-section elementor-top-section elementor-element elementor-element-3a67c04 elementor-reverse-mobile elementor-section-boxed elementor-section-height-default elementor-section-height-default\" data-id=\"3a67c04\" data-element_type=\"section\">\n\t\t\t\t\t\t<div class=\"elementor-container elementor-column-gap-default\">\n\t\t\t\t\t<div class=\"elementor-column elementor-col-50 elementor-top-column elementor-element elementor-element-5b562f5\" data-id=\"5b562f5\" data-element_type=\"column\">\n\t\t\t<div class=\"elementor-widget-wrap elementor-element-populated\">\n\t\t\t\t\t\t<div class=\"elementor-element elementor-element-010b851 elementor-widget elementor-widget-text-editor\" data-id=\"010b851\" data-element_type=\"widget\" data-widget_type=\"text-editor.default\">\n\t\t\t\t<div class=\"elementor-widget-container\">\n\t\t\t<style>\/*! elementor - v3.22.0 - 17-06-2024 *\/\n.elementor-widget-text-editor.elementor-drop-cap-view-stacked .elementor-drop-cap{background-color:#69727d;color:#fff}.elementor-widget-text-editor.elementor-drop-cap-view-framed .elementor-drop-cap{color:#69727d;border:3px solid;background-color:transparent}.elementor-widget-text-editor:not(.elementor-drop-cap-view-default) .elementor-drop-cap{margin-top:8px}.elementor-widget-text-editor:not(.elementor-drop-cap-view-default) .elementor-drop-cap-letter{width:1em;height:1em}.elementor-widget-text-editor .elementor-drop-cap{float:left;text-align:center;line-height:1;font-size:50px}.elementor-widget-text-editor .elementor-drop-cap-letter{display:inline-block}<\/style>\t\t\t\t<p>Gemeinsam k\u00f6nnen wir uns Ihr Unternehmen vorstellen, inspirieren und transformieren.\nVon sich wandelnden Kundenerwartungen und neuen Technologien bis hin zu flexibleren Unternehmen, die in die Industrie einsteigen, sind Unternehmen heute einem gr\u00f6sseren Disruptionsrisiko ausgesetzt als je zuvor.<\/p><p>Egal, ob Sie Herausforderungen mit der Unternehmenskultur oder internen Prozessen haben oder eine neue Gesch\u00e4ftsstrategie ben\u00f6tigen, die Ihre geplante Zukunft widerspiegelt, wir sind hier, um Ihnen zu helfen.<\/p><p>Unsere Unternehmensberater k\u00f6nnen Ihnen helfen, sich an die heutige Marktdynamik anzupassen und unabh\u00e4ngig von den Bedrohungen, denen Sie m\u00f6glicherweise ausgesetzt sind, weiterhin im Wettbewerb zu bestehen. Tools, die eine optimale Remote-Arbeit erm\u00f6glichen, k\u00f6nnen dazu beitragen, Unterbrechungen Ihres Betriebs zu minimieren oder zu verhindern.<\/p>\t\t\t\t\t\t<\/div>\n\t\t\t\t<\/div>\n\t\t\t\t\t<\/div>\n\t\t<\/div>\n\t\t\t\t<div class=\"elementor-column elementor-col-50 elementor-top-column elementor-element elementor-element-becb80d\" data-id=\"becb80d\" data-element_type=\"column\">\n\t\t\t<div class=\"elementor-widget-wrap elementor-element-populated\">\n\t\t\t\t\t\t<div class=\"elementor-element elementor-element-6eed29a elementor-widget elementor-widget-image\" data-id=\"6eed29a\" data-element_type=\"widget\" data-widget_type=\"image.default\">\n\t\t\t\t<div class=\"elementor-widget-container\">\n\t\t\t<style>\/*! elementor - v3.22.0 - 17-06-2024 *\/\n.elementor-widget-image{text-align:center}.elementor-widget-image a{display:inline-block}.elementor-widget-image a img[src$=\".svg\"]{width:48px}.elementor-widget-image img{vertical-align:middle;display:inline-block}<\/style>\t\t\t\t\t\t\t\t\t\t<img fetchpriority=\"high\" decoding=\"async\" width=\"1900\" height=\"800\" src=\"https:\/\/weltron.world\/wp-content\/uploads\/2024\/06\/Kofix-CAFE-7.jpg\" class=\"attachment-full size-full wp-image-390\" alt=\"\" srcset=\"https:\/\/weltron.world\/wp-content\/uploads\/2024\/06\/Kofix-CAFE-7.jpg 1900w, https:\/\/weltron.world\/wp-content\/uploads\/2024\/06\/Kofix-CAFE-7-300x126.jpg 300w, https:\/\/weltron.world\/wp-content\/uploads\/2024\/06\/Kofix-CAFE-7-1024x431.jpg 1024w, https:\/\/weltron.world\/wp-content\/uploads\/2024\/06\/Kofix-CAFE-7-768x323.jpg 768w, https:\/\/weltron.world\/wp-content\/uploads\/2024\/06\/Kofix-CAFE-7-1536x647.jpg 1536w\" sizes=\"(max-width: 1900px) 100vw, 1900px\" \/>\t\t\t\t\t\t\t\t\t\t\t\t\t<\/div>\n\t\t\t\t<\/div>\n\t\t\t\t\t<\/div>\n\t\t<\/div>\n\t\t\t\t\t<\/div>\n\t\t<\/section>\n\t\t\t\t<section class=\"elementor-section elementor-top-section elementor-element elementor-element-acb1e4a elementor-section-boxed elementor-section-height-default elementor-section-height-default\" data-id=\"acb1e4a\" data-element_type=\"section\">\n\t\t\t\t\t\t<div class=\"elementor-container elementor-column-gap-default\">\n\t\t\t\t\t<div class=\"elementor-column elementor-col-100 elementor-top-column elementor-element elementor-element-1d07024\" data-id=\"1d07024\" data-element_type=\"column\">\n\t\t\t<div class=\"elementor-widget-wrap elementor-element-populated\">\n\t\t\t\t\t\t<div class=\"elementor-element elementor-element-94b99a4 elementor-widget elementor-widget-text-editor\" data-id=\"94b99a4\" data-element_type=\"widget\" data-widget_type=\"text-editor.default\">\n\t\t\t\t<div class=\"elementor-widget-container\">\n\t\t\t\t\t\t\t<p>Wir k\u00f6nnen unsere Dienstleistungen skalieren, um Ver\u00e4nderungsbem\u00fchungen zu unterst\u00fctzen, die von taktischen Verbesserungen bis hin zu gross angelegten Transformationsbem\u00fchungen reichen. Unsere Unternehmensberater sind erfahrene F\u00fchrungskr\u00e4fte und Praktiker, die kundenorientiert sind, leistungsorientiert sind und komplexe Projekte steuern und verwalten k\u00f6nnen und effektiv in verschiedenen Gesch\u00e4fts- und Technologieorganisationen arbeiten<\/p><p>Wir legen grossen Wert darauf, Ver\u00e4nderungen zu erm\u00f6glichen und aufrechtzuerhalten sowie Plattformen f\u00fcr kontinuierliche Verbesserung zu schaffen. Dazu integrieren wir nahtlos unsere Gesch\u00e4ftsberatung, Technologie und Branchenpraktiken, um Unternehmen zum Erfolg zu verhelfen.<\/p><p>Sie sind sich nicht sicher, was Sie brauchen? Kontaktieren Sie uns, um zu erfahren, wie Sie in einer sich st\u00e4ndig \u00e4ndernden digitalen Welt Schritt halten k\u00f6nnen.<\/p>\t\t\t\t\t\t<\/div>\n\t\t\t\t<\/div>\n\t\t\t\t<div class=\"elementor-element elementor-element-003c9b1 elementor-align-center elementor-widget elementor-widget-button\" data-id=\"003c9b1\" data-element_type=\"widget\" data-widget_type=\"button.default\">\n\t\t\t\t<div class=\"elementor-widget-container\">\n\t\t\t\t\t<div class=\"elementor-button-wrapper\">\n\t\t\t<a class=\"elementor-button elementor-button-link elementor-size-sm\" href=\"https:\/\/weltron.world\/de\/contact\/\">\n\t\t\t\t\t\t<span class=\"elementor-button-content-wrapper\">\n\t\t\t\t\t\t<span class=\"elementor-button-icon\">\n\t\t\t\t<i aria-hidden=\"true\" class=\"icon icon-right-arrow1\"><\/i>\t\t\t<\/span>\n\t\t\t\t\t\t\t\t\t<span class=\"elementor-button-text\">Kontaktieren Sie uns <\/span>\n\t\t\t\t\t<\/span>\n\t\t\t\t\t<\/a>\n\t\t<\/div>\n\t\t\t\t<\/div>\n\t\t\t\t<\/div>\n\t\t\t\t\t<\/div>\n\t\t<\/div>\n\t\t\t\t\t<\/div>\n\t\t<\/section>\n\t\t\t\t<\/div>","protected":false},"excerpt":{"rendered":"<p>BUSINESS CONSULTING SERVICES Together, we can envision, inspire, and transform your business. From changing customer expectations and new technologies to [&hellip;]<\/p>","protected":false},"author":1,"featured_media":0,"parent":0,"menu_order":0,"comment_status":"closed","ping_status":"closed","template":"","meta":{"site-sidebar-layout":"no-sidebar","site-content-layout":"","ast-site-content-layout":"full-width-container","site-content-style":"default","site-sidebar-style":"default","ast-global-header-display":"","ast-banner-title-visibility":"","ast-main-header-display":"","ast-hfb-above-header-display":"","ast-hfb-below-header-display":"","ast-hfb-mobile-header-display":"","site-post-title":"disabled","ast-breadcrumbs-content":"","ast-featured-img":"disabled","footer-sml-layout":"","theme-transparent-header-meta":"","adv-header-id-meta":"","stick-header-meta":"","header-above-stick-meta":"","header-main-stick-meta":"","header-below-stick-meta":"","astra-migrate-meta-layouts":"default","ast-page-background-enabled":"default","ast-page-background-meta":{"desktop":{"background-color":"var(--ast-global-color-4)","background-image":"","background-repeat":"repeat","background-position":"center center","background-size":"auto","background-attachment":"scroll","background-type":"","background-media":"","overlay-type":"","overlay-color":"","overlay-opacity":"","overlay-gradient":""},"tablet":{"background-color":"","background-image":"","background-repeat":"repeat","background-position":"center center","background-size":"auto","background-attachment":"scroll","background-type":"","background-media":"","overlay-type":"","overlay-color":"","overlay-opacity":"","overlay-gradient":""},"mobile":{"background-color":"","background-image":"","background-repeat":"repeat","background-position":"center center","background-size":"auto","background-attachment":"scroll","background-type":"","background-media":"","overlay-type":"","overlay-color":"","overlay-opacity":"","overlay-gradient":""}},"ast-content-background-meta":{"desktop":{"background-color":"var(--ast-global-color-5)","background-image":"","background-repeat":"repeat","background-position":"center center","background-size":"auto","background-attachment":"scroll","background-type":"","background-media":"","overlay-type":"","overlay-color":"","overlay-opacity":"","overlay-gradient":""},"tablet":{"background-color":"var(--ast-global-color-5)","background-image":"","background-repeat":"repeat","background-position":"center center","background-size":"auto","background-attachment":"scroll","background-type":"","background-media":"","overlay-type":"","overlay-color":"","overlay-opacity":"","overlay-gradient":""},"mobile":{"background-color":"var(--ast-global-color-5)","background-image":"","background-repeat":"repeat","background-position":"center center","background-size":"auto","background-attachment":"scroll","background-type":"","background-media":"","overlay-type":"","overlay-color":"","overlay-opacity":"","overlay-gradient":""}},"footnotes":""},"_links":{"self":[{"href":"https:\/\/weltron.world\/de\/wp-json\/wp\/v2\/pages\/62"}],"collection":[{"href":"https:\/\/weltron.world\/de\/wp-json\/wp\/v2\/pages"}],"about":[{"href":"https:\/\/weltron.world\/de\/wp-json\/wp\/v2\/types\/page"}],"author":[{"embeddable":true,"href":"https:\/\/weltron.world\/de\/wp-json\/wp\/v2\/users\/1"}],"replies":[{"embeddable":true,"href":"https:\/\/weltron.world\/de\/wp-json\/wp\/v2\/comments?post=62"}],"version-history":[{"count":16,"href":"https:\/\/weltron.world\/de\/wp-json\/wp\/v2\/pages\/62\/revisions"}],"predecessor-version":[{"id":847,"href":"https:\/\/weltron.world\/de\/wp-json\/wp\/v2\/pages\/62\/revisions\/847"}],"wp:attachment":[{"href":"https:\/\/weltron.world\/de\/wp-json\/wp\/v2\/media?parent=62"}],"curies":[{"name":"wp","href":"https:\/\/api.w.org\/{rel}","templated":true}]}}